{"id":2196,"date":"2022-10-17T11:24:00","date_gmt":"2022-10-17T11:24:00","guid":{"rendered":"https:\/\/www.serbatic.es\/?page_id=2196"},"modified":"2022-10-17T11:24:00","modified_gmt":"2022-10-17T11:24:00","slug":"politica-de-cookies","status":"publish","type":"page","link":"https:\/\/www.serbatic.es\/en\/politica-de-cookies\/","title":{"rendered":"Pol\u00edtica de Cookies"},"content":{"rendered":"<h3 class=\"text-center p-3\">Informaci\u00f3n en cumplimiento de la normativa de protecci\u00f3n de datos personales<\/h3>\n<ul>\n<li><strong>\u00bfQu\u00e9 son las cookies y para qu\u00e9 las usamos?<\/strong><\/li>\n<\/ul>\n<p>Una cookie o galleta inform\u00e1tica es un peque\u00f1o archivo de informaci\u00f3n que se guarda en su navegador cada vez que visita nuestra p\u00e1gina web.<\/p>\n<p>La utilidad de las cookies es guardar el historial de su actividad en nuestra p\u00e1gina web, de manera que, cuando la visite nuevamente, \u00e9sta pueda identificarle y configurar el contenido de la misma en base a sus h\u00e1bitos de navegaci\u00f3n, identidad y preferencias.<\/p>\n<p>Una cookie es inofensiva, no contiene c\u00f3digo malicioso o malintencionado (ej. virus, troyanos, gusanos, etc.) que pueda da\u00f1ar su terminal (ordenador, smartphone, tableta, etc.), pero s\u00ed tiene cierto impacto sobre su derecho a la protecci\u00f3n de sus datos, pues recoge determinada informaci\u00f3n concerniente a su persona (h\u00e1bitos de navegaci\u00f3n, identidad, preferencias, etc.).<\/p>\n<ul>\n<li><strong>\u00bfQu\u00e9 informaci\u00f3n guarda una cookie?<\/strong><\/li>\n<\/ul>\n<p>Las cookies no suelen recoger categor\u00edas especiales de datos personales (datos sensibles). Los datos que guardan son de car\u00e1cter t\u00e9cnico, preferencias personales, personalizaci\u00f3n de contenidos, etc.<\/p>\n<ul>\n<li><strong>\u00bfQu\u00e9 tipo de cookies existen?<\/strong><\/li>\n<\/ul>\n<p>Con car\u00e1cter general, existen cinco tipos de cookies:<\/p>\n<ul>\n<li><strong>Cookies t\u00e9cnicas:<\/strong><\/li>\n<\/ul>\n<p>Son las cookies m\u00e1s b\u00e1sicas. Permiten al usuario la navegaci\u00f3n a trav\u00e9s de una p\u00e1gina web, plataforma o aplicaci\u00f3n y la utilizaci\u00f3n de las diferentes opciones o servicios que en ella existan como, por ejemplo, controlar el tr\u00e1fico y la comunicaci\u00f3n de datos, identificar la sesi\u00f3n, acceder a partes de acceso restringido, recordar los elementos que integran un pedido, realizar el proceso de compra de un pedido, realizar la solicitud de inscripci\u00f3n o participaci\u00f3n en un evento, utilizar elementos de seguridad durante la navegaci\u00f3n, almacenar contenidos para la difusi\u00f3n de videos o sonido o compartir contenidos a trav\u00e9s de redes sociales.<\/p>\n<p>Las cookies t\u00e9cnicas son estrictamente necesarias para que nuestra p\u00e1gina web funcione y puedas navegar por la misma. Este tipo de cookies son las que, por ejemplo, nos permiten identificarte, darte acceso a determinadas partes restringidas de la p\u00e1gina si fuese necesario, o recordar diferentes opciones o servicios ya seleccionados por ti, como tus preferencias de privacidad. Por ello,\u00a0<strong>est\u00e1n activadas por defecto, no siendo necesaria tu autorizaci\u00f3n al respecto.<\/strong><\/p>\n<p>A trav\u00e9s de la configuraci\u00f3n de tu navegador, puedes bloquear o alertar de la presencia de este tipo de cookies, si bien dicho bloqueo afectar\u00e1 al correcto funcionamiento de las distintas funcionalidades de nuestra p\u00e1gina web.<\/p>\n<div class=\"p-3\">\n<table border=\"1\">\n<tbody>\n<tr>\n<td><strong>Cookie<\/strong><\/td>\n<td><strong>Tipo<\/strong><\/td>\n<td><strong>Duraci\u00f3n<\/strong><\/td>\n<td><strong>Descripci\u00f3n<\/strong><\/td>\n<\/tr>\n<tr>\n<td>cookielawinfo-checkbox-advertisement<\/td>\n<td>0<\/td>\n<td>1 a\u00f1o<\/td>\n<td>La cookie se establece para registrar el consentimiento del usuario para las cookies en la categor\u00eda \u201cPublicidad\u201d<\/td>\n<\/tr>\n<tr>\n<td>cookielawinfo-checkbox-analytics<\/td>\n<td>0<\/td>\n<td>11 meses<\/td>\n<td>Estas cookies se utilizan para recordar el consentimiento del usuario para las cookies en la categor\u00eda \u201cAn\u00e1lisis\u201d.<\/td>\n<\/tr>\n<tr>\n<td>cookielawinfo-checkbox-necessary<\/td>\n<td>0<\/td>\n<td>1 a\u00f1o<\/td>\n<td>Esta cookie se utiliza para almacenar el consentimiento del usuario para las cookies en la categor\u00eda \u201cNecesarias\u201d.<\/td>\n<\/tr>\n<tr>\n<td>cookielawinfo-checkbox-non-necessary<\/td>\n<td>0<\/td>\n<td>11 meses<\/td>\n<td>Esta cookie se utiliza para almacenar el consentimiento del usuario para las cookies en la categor\u00eda \u201cNo necesarias\u201d.<\/td>\n<\/tr>\n<tr>\n<td>cookielawinfo-checkbox-performance<\/td>\n<td>0<\/td>\n<td>1 a\u00f1o<\/td>\n<td>Esta cookie se utiliza para realizar un seguimiento de las cookies que el usuario ha aprobado para este sitio.<\/td>\n<\/tr>\n<tr>\n<td>viewed_cookie_policy<\/td>\n<td>0<\/td>\n<td>11 meses<\/td>\n<td>La cookie se utiliza para almacenar si el usuario ha consentido o no el uso de cookies. No almacena ning\u00fan dato personal.<\/td>\n<\/tr>\n<\/tbody>\n<\/table>\n<\/div>\n<ul>\n<li><strong>Cookies de personalizaci\u00f3n:<\/strong><\/li>\n<\/ul>\n<p>Son aqu\u00e9llas que permiten al usuario acceder al servicio con algunas caracter\u00edsticas de car\u00e1cter general predefinidas en funci\u00f3n de una serie de criterios en el terminal del usuario como por ejemplo serian el idioma, el tipo de navegador a trav\u00e9s del cual accede al servicio, la configuraci\u00f3n regional desde donde accede al servicio, etc.<\/p>\n<ul>\n<li><strong>Cookies de an\u00e1lisis:<\/strong><\/li>\n<\/ul>\n<p>Son aqu\u00e9llas que permiten al responsable de las mismas, el seguimiento y an\u00e1lisis del comportamiento de los usuarios de los sitios web a los que est\u00e1n vinculadas. La informaci\u00f3n recogida mediante este tipo de cookies se utiliza en la medici\u00f3n de la actividad de los sitios web, aplicaci\u00f3n o plataforma y para la elaboraci\u00f3n de perfiles de navegaci\u00f3n de los usuarios de dichos sitios, aplicaciones y plataformas, con el fin de introducir mejoras en funci\u00f3n del an\u00e1lisis de los datos de uso que hacen los usuarios del servicio.<\/p>\n<p>Las cookies de an\u00e1lisis nos permiten estudiar la navegaci\u00f3n de los usuarios de nuestra p\u00e1gina web en general (por ejemplo, qu\u00e9 secciones de la p\u00e1gina son las m\u00e1s visitadas, qu\u00e9 servicios se usan m\u00e1s y si funcionan correctamente, etc.).<\/p>\n<p>A partir de la informaci\u00f3n estad\u00edstica sobre la navegaci\u00f3n en nuestra p\u00e1gina web, podemos mejorar tanto el propio funcionamiento de la p\u00e1gina como los distintos servicios que ofrece. Por tanto, estas cookies\u00a0<strong>no tienen una finalidad publicitaria<\/strong>, sino que \u00fanicamente sirven para que nuestra p\u00e1gina web funcione mejor, adapt\u00e1ndose a nuestros usuarios en general. Activ\u00e1ndolas contribuir\u00e1s a dicha mejora continua.<\/p>\n<p><strong>Puedes activar o desactivar estas cookies marcando la casilla correspondiente<\/strong>, estando desactivadas por defecto.<\/p>\n<div class=\"p-3\">\n<table border=\"1\">\n<tbody>\n<tr>\n<td><strong>Cookie<\/strong><\/td>\n<td><strong>Tipo<\/strong><\/td>\n<td><strong>Duraci\u00f3n<\/strong><\/td>\n<td><strong>Descripci\u00f3n<\/strong><\/td>\n<\/tr>\n<tr>\n<td>_ga<\/td>\n<td>0<\/td>\n<td>2 a\u00f1os<\/td>\n<td>Esta cookie es instalada por Google Analytics. La cookie se utiliza para calcular los datos de visitantes, sesiones, campa\u00f1as y realizar un seguimiento del uso del sitio para el informe anal\u00edtico del sitio. Las cookies almacenan informaci\u00f3n de forma an\u00f3nima y asignan un n\u00famero generado aleatoriamente para identificar visitantes \u00fanicos.<\/td>\n<\/tr>\n<tr>\n<td>_gat_gtag_UA_2197552_19<\/td>\n<td>0<\/td>\n<td>1 minuto<\/td>\n<td>Google utiliza esta cookie para distinguir a los usuarios.<\/td>\n<\/tr>\n<tr>\n<td>_gid<\/td>\n<td>0<\/td>\n<td>1 d\u00eda<\/td>\n<td>Esta cookie es instalada por Google Analytics. La cookie se utiliza para almacenar informaci\u00f3n sobre c\u00f3mo los visitantes usan un sitio web y ayuda a crear un informe anal\u00edtico de c\u00f3mo funciona el sitio web. Los datos recopilados, incluidos el n\u00famero de visitantes, la fuente de donde provienen y las p\u00e1ginas, aparecer\u00e1n de forma an\u00f3nima.<\/td>\n<\/tr>\n<tr>\n<td>GPS<\/td>\n<td>0<\/td>\n<td>30 minutos<\/td>\n<td>YouTube configura esta cookie y registra una identificaci\u00f3n \u00fanica para rastrear a los usuarios en funci\u00f3n de su ubicaci\u00f3n geogr\u00e1fica<\/td>\n<\/tr>\n<\/tbody>\n<\/table>\n<\/div>\n<ul>\n<li><strong>Cookies publicitarias:<\/strong><\/li>\n<\/ul>\n<p>Son aqu\u00e9llas que permiten la gesti\u00f3n, de la forma m\u00e1s eficaz posible, de los espacios publicitarios que, en su caso, el responsable haya incluido en una p\u00e1gina web, aplicaci\u00f3n o plataforma desde la que presta el servicio solicitado en base a criterios como el contenido editado o la frecuencia en la que se muestran los anuncios.<\/p>\n<p>Las cookies de publicidad nos permiten la gesti\u00f3n de los espacios publicitarios incluidos en nuestra p\u00e1gina web en base a criterios como el contenido mostrado o la frecuencia en la que se muestran los anuncios.<\/p>\n<p>As\u00ed por ejemplo, si se te ha mostrado varias veces un mismo anuncio en nuestra p\u00e1gina web, y no has mostrado un inter\u00e9s personal haciendo clic sobre \u00e9l, este no volver\u00e1 a aparecer. En resumen, activando este tipo de cookies, la publicidad mostrada en nuestra p\u00e1gina web ser\u00e1 m\u00e1s \u00fatil y diversa, y menos repetitiva.<\/p>\n<p><strong>Puedes activar o desactivar estas cookies marcando la casilla correspondiente<\/strong>, estando desactivadas por defecto.<\/p>\n<div class=\"p-3\">\n<table border=\"1\">\n<tbody>\n<tr>\n<td><strong>Cookie<\/strong><\/td>\n<td><strong>Tipo<\/strong><\/td>\n<td><strong>Duraci\u00f3n<\/strong><\/td>\n<td><strong>Descripci\u00f3n<\/strong><\/td>\n<\/tr>\n<tr>\n<td>IDE<\/td>\n<td>1<\/td>\n<td>2 a\u00f1os<\/td>\n<td>Utilizada por Google DoubleClick y almacena informaci\u00f3n sobre c\u00f3mo el usuario usa el sitio web y cualquier otro anuncio antes de visitar el sitio web. Esto se utiliza para presentar a los usuarios anuncios que les sean relevantes seg\u00fan el perfil del usuario.<\/td>\n<\/tr>\n<tr>\n<td>VISITOR_INFO1_LIVE<\/td>\n<td>1<\/td>\n<td>5 meses<\/td>\n<td>Esta cookie es instalada por Youtube. Se utiliza para rastrear la informaci\u00f3n de los videos incrustados de YouTube en un sitio web.<\/td>\n<\/tr>\n<tr>\n<td>YSC<\/td>\n<td>1<\/td>\n<td><\/td>\n<td>YouTube configura esta cookies y se utiliza para rastrear las vistas de videos incrustados.<\/td>\n<\/tr>\n<\/tbody>\n<\/table>\n<\/div>\n<ul>\n<li><strong>Cookies de publicidad comportamental:<\/strong><\/li>\n<\/ul>\n<p>Son aqu\u00e9llas que permiten la gesti\u00f3n, de la forma m\u00e1s eficaz posible, de los espacios publicitarios que, en su caso, el responsable haya incluido en una p\u00e1gina web, aplicaci\u00f3n o plataforma desde la que presta el servicio solicitado. Estas cookies almacenan informaci\u00f3n del comportamiento de los usuarios obtenida a trav\u00e9s de la observaci\u00f3n continuada de sus h\u00e1bitos de navegaci\u00f3n, lo que permite desarrollar un perfil espec\u00edfico para mostrar publicidad en funci\u00f3n del mismo.<\/p>\n<ul>\n<li><strong>\u00bfQu\u00e9 son las cookies propias y las de terceros?<\/strong><\/li>\n<li><strong>Cookies propias:<\/strong><\/li>\n<\/ul>\n<p>Las cookies propias son aquellas que se generan y gestionan por el propio responsable que presta el servicio solicitado por el usuario.<\/p>\n<ul>\n<li><strong>Cookies de terceros:<\/strong><\/li>\n<\/ul>\n<p>Son aquellas que se generan por otras entidades distintas al propio responsable (servicios o proveedores externos, como por ejemplo Google).<\/p>\n<ul>\n<li><strong>\u00bfQu\u00e9 tipo de cookies guarda nuestra p\u00e1gina web?<\/strong><\/li>\n<\/ul>\n<p>A continuaci\u00f3n, procedemos a relacionar el tipo de cookies que guarda nuestra p\u00e1gina web y la finalidad de las mismas:<\/p>\n<div class=\"p-3\">\n<table border=\"1\">\n<tbody>\n<tr>\n<td><strong>Tipo de cookie<\/strong><\/td>\n<td><strong>Finalidad<\/strong><\/td>\n<td><strong>Cu\u00e1ndo y c\u00f3mo se guarda<\/strong><\/td>\n<\/tr>\n<tr>\n<td>AcceptCookies<\/td>\n<td>Permite mostrar o no, el aviso de cookies a los usuarios cuando navegan por la web<\/td>\n<td>Se guardan cuando acepta. En el ordenador del usuario<\/td>\n<\/tr>\n<\/tbody>\n<\/table>\n<\/div>\n<ul>\n<li><strong>\u00bfQu\u00e9 puedo hacer con las cookies?<\/strong><\/li>\n<\/ul>\n<p>Las cookies pueden ser borradas, aceptadas o bloqueadas, seg\u00fan desee, para esto s\u00f3lo debe configurar convenientemente el navegador web.<\/p>\n<p>En cualquier momento, puede impedir la instalaci\u00f3n de cookies (bloqueo) en su equipo mediante la opci\u00f3n correspondiente de su navegador, pero en dicho caso no podremos asegurarle el correcto funcionamiento de las distintas funcionalidades de nuestra p\u00e1gina web.<\/p>\n<p>A continuaci\u00f3n, le facilitamos los enlaces para la gesti\u00f3n y bloqueo de cookies dependiendo del navegador que utilice:<\/p>\n<ul>\n<li><strong>Internet Explorer:<\/strong>\u00a0<a href=\"http:\/\/windows.microsoft.com\/es-xl\/internet-explorer\/delete-manage-cookies#ie=ie-10\">http:\/\/windows.microsoft.com\/es-xl\/internet-explorer\/delete-manage-cookies#ie=ie-10<\/a><\/li>\n<li><strong>FireFox:<\/strong>\u00a0<a href=\"http:\/\/support.mozilla.org\/es\/kb\/habilitar-y-deshabilitar-cookies-que-los-sitios-we\">http:\/\/support.mozilla.org\/es\/kb\/habilitar-y-deshabilitar-cookies-que-los-sitios-we<\/a><\/li>\n<li><strong>Chrome:<\/strong>\u00a0<a href=\"http:\/\/support.google.com\/chrome\/answer\/95647?hl=es\">http:\/\/support.google.com\/chrome\/answer\/95647?hl=es<\/a><\/li>\n<li><strong>Safari:<\/strong>\u00a0<a href=\"http:\/\/www.apple.com\/legal\/privacy\/es\/cookies\/\">http:\/\/www.apple.com\/legal\/privacy\/es\/cookies\/<\/a><\/li>\n<\/ul>\n<p>Tambi\u00e9n puede borrar las cookies que tenga guardadas en su navegador acudiendo a las opciones de configuraci\u00f3n del mismo.<\/p>\n<p>&nbsp;<\/p>\n<p>&nbsp;<\/p>\n","protected":false},"excerpt":{"rendered":"<p>Informaci\u00f3n en cumplimiento de la normativa de protecci\u00f3n de datos personales \u00bfQu\u00e9 son las cookies y para qu\u00e9 las usamos? Una cookie o galleta inform\u00e1tica es un peque\u00f1o archivo de informaci\u00f3n que se guarda en su navegador cada vez que visita nuestra p\u00e1gina web. La utilidad de las cookies es guardar el historial de su [&hellip;]<\/p>\n","protected":false},"author":1,"featured_media":0,"parent":0,"menu_order":0,"comment_status":"closed","ping_status":"closed","template":"","meta":{"_et_pb_use_builder":"","_et_pb_old_content":"","_et_gb_content_width":"","inline_featured_image":false,"_uf_show_specific_survey":0,"_uf_disable_surveys":false,"footnotes":""},"class_list":["post-2196","page","type-page","status-publish","hentry"],"yoast_head":"<!-- This site is optimized with the Yoast SEO plugin v25.6 - https:\/\/yoast.com\/wordpress\/plugins\/seo\/ -->\n<title>Pol\u00edtica de Cookies - Serbatic<\/title>\n<meta name=\"robots\" content=\"index, follow, max-snippet:-1, max-image-preview:large, max-video-preview:-1\" \/>\n<link rel=\"canonical\" href=\"https:\/\/www.serbatic.es\/en\/politica-de-cookies\/\" \/>\n<meta property=\"og:locale\" content=\"en_US\" \/>\n<meta property=\"og:type\" content=\"article\" \/>\n<meta property=\"og:title\" content=\"Pol\u00edtica de Cookies - Serbatic\" \/>\n<meta property=\"og:description\" content=\"Informaci\u00f3n en cumplimiento de la normativa de protecci\u00f3n de datos personales \u00bfQu\u00e9 son las cookies y para qu\u00e9 las usamos? Una cookie o galleta inform\u00e1tica es un peque\u00f1o archivo de informaci\u00f3n que se guarda en su navegador cada vez que visita nuestra p\u00e1gina web. La utilidad de las cookies es guardar el historial de su [&hellip;]\" \/>\n<meta property=\"og:url\" content=\"https:\/\/www.serbatic.es\/en\/politica-de-cookies\/\" \/>\n<meta property=\"og:site_name\" content=\"Serbatic\" \/>\n<meta name=\"twitter:card\" content=\"summary_large_image\" \/>\n<meta name=\"twitter:label1\" content=\"Est. reading time\" \/>\n\t<meta name=\"twitter:data1\" content=\"8 minutes\" \/>\n<script type=\"application\/ld+json\" class=\"yoast-schema-graph\">{\"@context\":\"https:\/\/schema.org\",\"@graph\":[{\"@type\":\"WebPage\",\"@id\":\"https:\/\/www.serbatic.es\/en\/politica-de-cookies\/\",\"url\":\"https:\/\/www.serbatic.es\/en\/politica-de-cookies\/\",\"name\":\"Pol\u00edtica de Cookies - Serbatic\",\"isPartOf\":{\"@id\":\"https:\/\/www.serbatic.es\/#website\"},\"datePublished\":\"2022-10-17T11:24:00+00:00\",\"breadcrumb\":{\"@id\":\"https:\/\/www.serbatic.es\/en\/politica-de-cookies\/#breadcrumb\"},\"inLanguage\":\"en-US\",\"potentialAction\":[{\"@type\":\"ReadAction\",\"target\":[\"https:\/\/www.serbatic.es\/en\/politica-de-cookies\/\"]}]},{\"@type\":\"BreadcrumbList\",\"@id\":\"https:\/\/www.serbatic.es\/en\/politica-de-cookies\/#breadcrumb\",\"itemListElement\":[{\"@type\":\"ListItem\",\"position\":1,\"name\":\"Portada\",\"item\":\"https:\/\/www.serbatic.es\/en\/\"},{\"@type\":\"ListItem\",\"position\":2,\"name\":\"Pol\u00edtica de Cookies\"}]},{\"@type\":\"WebSite\",\"@id\":\"https:\/\/www.serbatic.es\/#website\",\"url\":\"https:\/\/www.serbatic.es\/\",\"name\":\"Serbatic\",\"description\":\"Servicios de Tecnolog\u00edas de la Informaci\u00f3n y Comunicaciones a grandes empresas, consultoras e integradoras\",\"publisher\":{\"@id\":\"https:\/\/www.serbatic.es\/#organization\"},\"alternateName\":\"Serbatic Servicios de Tecnolog\u00edas\",\"potentialAction\":[{\"@type\":\"SearchAction\",\"target\":{\"@type\":\"EntryPoint\",\"urlTemplate\":\"https:\/\/www.serbatic.es\/?s={search_term_string}\"},\"query-input\":{\"@type\":\"PropertyValueSpecification\",\"valueRequired\":true,\"valueName\":\"search_term_string\"}}],\"inLanguage\":\"en-US\"},{\"@type\":\"Organization\",\"@id\":\"https:\/\/www.serbatic.es\/#organization\",\"name\":\"Serbatic\",\"url\":\"https:\/\/www.serbatic.es\/\",\"logo\":{\"@type\":\"ImageObject\",\"inLanguage\":\"en-US\",\"@id\":\"https:\/\/www.serbatic.es\/#\/schema\/logo\/image\/\",\"url\":\"https:\/\/www.serbatic.es\/wp-content\/uploads\/2022\/09\/SERBATIC-LOGO.png\",\"contentUrl\":\"https:\/\/www.serbatic.es\/wp-content\/uploads\/2022\/09\/SERBATIC-LOGO.png\",\"width\":180,\"height\":36,\"caption\":\"Serbatic\"},\"image\":{\"@id\":\"https:\/\/www.serbatic.es\/#\/schema\/logo\/image\/\"},\"sameAs\":[\"https:\/\/www.linkedin.com\/company\/serbatic\/\"]}]}<\/script>\n<!-- \/ Yoast SEO plugin. -->","yoast_head_json":{"title":"Pol\u00edtica de Cookies - Serbatic","robots":{"index":"index","follow":"follow","max-snippet":"max-snippet:-1","max-image-preview":"max-image-preview:large","max-video-preview":"max-video-preview:-1"},"canonical":"https:\/\/www.serbatic.es\/en\/politica-de-cookies\/","og_locale":"en_US","og_type":"article","og_title":"Pol\u00edtica de Cookies - Serbatic","og_description":"Informaci\u00f3n en cumplimiento de la normativa de protecci\u00f3n de datos personales \u00bfQu\u00e9 son las cookies y para qu\u00e9 las usamos? Una cookie o galleta inform\u00e1tica es un peque\u00f1o archivo de informaci\u00f3n que se guarda en su navegador cada vez que visita nuestra p\u00e1gina web. La utilidad de las cookies es guardar el historial de su [&hellip;]","og_url":"https:\/\/www.serbatic.es\/en\/politica-de-cookies\/","og_site_name":"Serbatic","twitter_card":"summary_large_image","twitter_misc":{"Est. reading time":"8 minutes"},"schema":{"@context":"https:\/\/schema.org","@graph":[{"@type":"WebPage","@id":"https:\/\/www.serbatic.es\/en\/politica-de-cookies\/","url":"https:\/\/www.serbatic.es\/en\/politica-de-cookies\/","name":"Pol\u00edtica de Cookies - Serbatic","isPartOf":{"@id":"https:\/\/www.serbatic.es\/#website"},"datePublished":"2022-10-17T11:24:00+00:00","breadcrumb":{"@id":"https:\/\/www.serbatic.es\/en\/politica-de-cookies\/#breadcrumb"},"inLanguage":"en-US","potentialAction":[{"@type":"ReadAction","target":["https:\/\/www.serbatic.es\/en\/politica-de-cookies\/"]}]},{"@type":"BreadcrumbList","@id":"https:\/\/www.serbatic.es\/en\/politica-de-cookies\/#breadcrumb","itemListElement":[{"@type":"ListItem","position":1,"name":"Portada","item":"https:\/\/www.serbatic.es\/en\/"},{"@type":"ListItem","position":2,"name":"Pol\u00edtica de Cookies"}]},{"@type":"WebSite","@id":"https:\/\/www.serbatic.es\/#website","url":"https:\/\/www.serbatic.es\/","name":"Serbatic","description":"Servicios de Tecnolog\u00edas de la Informaci\u00f3n y Comunicaciones a grandes empresas, consultoras e integradoras","publisher":{"@id":"https:\/\/www.serbatic.es\/#organization"},"alternateName":"Serbatic Servicios de Tecnolog\u00edas","potentialAction":[{"@type":"SearchAction","target":{"@type":"EntryPoint","urlTemplate":"https:\/\/www.serbatic.es\/?s={search_term_string}"},"query-input":{"@type":"PropertyValueSpecification","valueRequired":true,"valueName":"search_term_string"}}],"inLanguage":"en-US"},{"@type":"Organization","@id":"https:\/\/www.serbatic.es\/#organization","name":"Serbatic","url":"https:\/\/www.serbatic.es\/","logo":{"@type":"ImageObject","inLanguage":"en-US","@id":"https:\/\/www.serbatic.es\/#\/schema\/logo\/image\/","url":"https:\/\/www.serbatic.es\/wp-content\/uploads\/2022\/09\/SERBATIC-LOGO.png","contentUrl":"https:\/\/www.serbatic.es\/wp-content\/uploads\/2022\/09\/SERBATIC-LOGO.png","width":180,"height":36,"caption":"Serbatic"},"image":{"@id":"https:\/\/www.serbatic.es\/#\/schema\/logo\/image\/"},"sameAs":["https:\/\/www.linkedin.com\/company\/serbatic\/"]}]}},"_links":{"self":[{"href":"https:\/\/www.serbatic.es\/en\/wp-json\/wp\/v2\/pages\/2196","targetHints":{"allow":["GET"]}}],"collection":[{"href":"https:\/\/www.serbatic.es\/en\/wp-json\/wp\/v2\/pages"}],"about":[{"href":"https:\/\/www.serbatic.es\/en\/wp-json\/wp\/v2\/types\/page"}],"author":[{"embeddable":true,"href":"https:\/\/www.serbatic.es\/en\/wp-json\/wp\/v2\/users\/1"}],"replies":[{"embeddable":true,"href":"https:\/\/www.serbatic.es\/en\/wp-json\/wp\/v2\/comments?post=2196"}],"version-history":[{"count":0,"href":"https:\/\/www.serbatic.es\/en\/wp-json\/wp\/v2\/pages\/2196\/revisions"}],"wp:attachment":[{"href":"https:\/\/www.serbatic.es\/en\/wp-json\/wp\/v2\/media?parent=2196"}],"curies":[{"name":"wp","href":"https:\/\/api.w.org\/{rel}","templated":true}]}}